{"id":3484,"date":"2022-11-21T13:50:08","date_gmt":"2022-11-21T12:50:08","guid":{"rendered":"https:\/\/nk-staging.re-cph.dk\/globus\/"},"modified":"2026-01-22T15:05:41","modified_gmt":"2026-01-22T14:05:41","slug":"globus","status":"publish","type":"page","link":"https:\/\/api.nordiskkulturfond.org\/sv\/globus-ar-utformat-for-en-foranderlig-varld\/","title":{"rendered":"Globus \u00e4r utformat f\u00f6r en f\u00f6r\u00e4nderlig v\u00e4rld"},"content":{"rendered":"","protected":false},"excerpt":{"rendered":"","protected":false},"author":3,"featured_media":4006,"parent":0,"menu_order":0,"comment_status":"closed","ping_status":"closed","template":"","meta":{"_acf_changed":false,"footnotes":""},"class_list":["post-3484","page","type-page","status-publish","has-post-thumbnail","hentry","entry"],"acf":[],"_links":{"self":[{"href":"https:\/\/api.nordiskkulturfond.org\/sv\/wp-json\/wp\/v2\/pages\/3484","targetHints":{"allow":["GET"]}}],"collection":[{"href":"https:\/\/api.nordiskkulturfond.org\/sv\/wp-json\/wp\/v2\/pages"}],"about":[{"href":"https:\/\/api.nordiskkulturfond.org\/sv\/wp-json\/wp\/v2\/types\/page"}],"author":[{"embeddable":true,"href":"https:\/\/api.nordiskkulturfond.org\/sv\/wp-json\/wp\/v2\/users\/3"}],"replies":[{"embeddable":true,"href":"https:\/\/api.nordiskkulturfond.org\/sv\/wp-json\/wp\/v2\/comments?post=3484"}],"version-history":[{"count":21,"href":"https:\/\/api.nordiskkulturfond.org\/sv\/wp-json\/wp\/v2\/pages\/3484\/revisions"}],"predecessor-version":[{"id":11374,"href":"https:\/\/api.nordiskkulturfond.org\/sv\/wp-json\/wp\/v2\/pages\/3484\/revisions\/11374"}],"wp:featuredmedia":[{"embeddable":true,"href":"https:\/\/api.nordiskkulturfond.org\/sv\/wp-json\/wp\/v2\/media\/4006"}],"wp:attachment":[{"href":"https:\/\/api.nordiskkulturfond.org\/sv\/wp-json\/wp\/v2\/media?parent=3484"}],"curies":[{"name":"wp","href":"https:\/\/api.w.org\/{rel}","templated":true}]}}