{"id":11202,"date":"2026-01-12T11:23:41","date_gmt":"2026-01-12T10:23:41","guid":{"rendered":"https:\/\/api.nordiskkulturfond.org\/?page_id=11202"},"modified":"2026-01-13T14:38:37","modified_gmt":"2026-01-13T13:38:37","slug":"60-aar-av-gransoverskridande-kultursamarbete-for-framtidens-norden","status":"publish","type":"page","link":"https:\/\/api.nordiskkulturfond.org\/sv\/60-aar-av-gransoverskridande-kultursamarbete-for-framtidens-norden\/","title":{"rendered":"60 \u00e5r av gr\u00e4ns\u00f6verskridande kultursamarbete \u2013 f\u00f6r framtidens Norden"},"content":{"rendered":"","protected":false},"excerpt":{"rendered":"","protected":false},"author":16,"featured_media":11103,"parent":0,"menu_order":0,"comment_status":"closed","ping_status":"closed","template":"","meta":{"_acf_changed":false,"footnotes":""},"class_list":["post-11202","page","type-page","status-publish","has-post-thumbnail","hentry","entry"],"acf":[],"_links":{"self":[{"href":"https:\/\/api.nordiskkulturfond.org\/sv\/wp-json\/wp\/v2\/pages\/11202","targetHints":{"allow":["GET"]}}],"collection":[{"href":"https:\/\/api.nordiskkulturfond.org\/sv\/wp-json\/wp\/v2\/pages"}],"about":[{"href":"https:\/\/api.nordiskkulturfond.org\/sv\/wp-json\/wp\/v2\/types\/page"}],"author":[{"embeddable":true,"href":"https:\/\/api.nordiskkulturfond.org\/sv\/wp-json\/wp\/v2\/users\/16"}],"replies":[{"embeddable":true,"href":"https:\/\/api.nordiskkulturfond.org\/sv\/wp-json\/wp\/v2\/comments?post=11202"}],"version-history":[{"count":5,"href":"https:\/\/api.nordiskkulturfond.org\/sv\/wp-json\/wp\/v2\/pages\/11202\/revisions"}],"predecessor-version":[{"id":11300,"href":"https:\/\/api.nordiskkulturfond.org\/sv\/wp-json\/wp\/v2\/pages\/11202\/revisions\/11300"}],"wp:featuredmedia":[{"embeddable":true,"href":"https:\/\/api.nordiskkulturfond.org\/sv\/wp-json\/wp\/v2\/media\/11103"}],"wp:attachment":[{"href":"https:\/\/api.nordiskkulturfond.org\/sv\/wp-json\/wp\/v2\/media?parent=11202"}],"curies":[{"name":"wp","href":"https:\/\/api.w.org\/{rel}","templated":true}]}}