{"id":3520,"date":"2022-11-21T13:49:53","date_gmt":"2022-11-21T12:49:53","guid":{"rendered":"https:\/\/nk-staging.re-cph.dk\/partnerships\/"},"modified":"2024-01-29T15:40:06","modified_gmt":"2024-01-29T14:40:06","slug":"partnerships","status":"publish","type":"page","link":"https:\/\/api.nordiskkulturfond.org\/fi\/kumppanuushankkeet-uutta-tietoa-ja-pitkajanteista-sitoutumista\/","title":{"rendered":"Kumppanuushankkeet \u2013 uutta tietoa ja pitk\u00e4j\u00e4nteist\u00e4 sitoutumista"},"content":{"rendered":"","protected":false},"excerpt":{"rendered":"","protected":false},"author":3,"featured_media":3895,"parent":0,"menu_order":0,"comment_status":"closed","ping_status":"closed","template":"","meta":{"_acf_changed":false,"footnotes":""},"class_list":["post-3520","page","type-page","status-publish","has-post-thumbnail","hentry","entry"],"acf":[],"_links":{"self":[{"href":"https:\/\/api.nordiskkulturfond.org\/fi\/wp-json\/wp\/v2\/pages\/3520","targetHints":{"allow":["GET"]}}],"collection":[{"href":"https:\/\/api.nordiskkulturfond.org\/fi\/wp-json\/wp\/v2\/pages"}],"about":[{"href":"https:\/\/api.nordiskkulturfond.org\/fi\/wp-json\/wp\/v2\/types\/page"}],"author":[{"embeddable":true,"href":"https:\/\/api.nordiskkulturfond.org\/fi\/wp-json\/wp\/v2\/users\/3"}],"replies":[{"embeddable":true,"href":"https:\/\/api.nordiskkulturfond.org\/fi\/wp-json\/wp\/v2\/comments?post=3520"}],"version-history":[{"count":9,"href":"https:\/\/api.nordiskkulturfond.org\/fi\/wp-json\/wp\/v2\/pages\/3520\/revisions"}],"predecessor-version":[{"id":7666,"href":"https:\/\/api.nordiskkulturfond.org\/fi\/wp-json\/wp\/v2\/pages\/3520\/revisions\/7666"}],"wp:featuredmedia":[{"embeddable":true,"href":"https:\/\/api.nordiskkulturfond.org\/fi\/wp-json\/wp\/v2\/media\/3895"}],"wp:attachment":[{"href":"https:\/\/api.nordiskkulturfond.org\/fi\/wp-json\/wp\/v2\/media?parent=3520"}],"curies":[{"name":"wp","href":"https:\/\/api.w.org\/{rel}","templated":true}]}}