{"id":11227,"date":"2026-01-12T16:34:54","date_gmt":"2026-01-12T15:34:54","guid":{"rendered":"https:\/\/api.nordiskkulturfond.org\/?page_id=11227"},"modified":"2026-01-13T14:40:14","modified_gmt":"2026-01-13T13:40:14","slug":"60-vuotta-kulttuuriyhteistyota-tulevaisuuden-pohjolan-hyvaksi","status":"publish","type":"page","link":"https:\/\/api.nordiskkulturfond.org\/fi\/60-vuotta-kulttuuriyhteistyota-tulevaisuuden-pohjolan-hyvaksi\/","title":{"rendered":"60 vuotta kulttuuriyhteisty\u00f6t\u00e4 tulevaisuuden Pohjolan hyv\u00e4ksi"},"content":{"rendered":"","protected":false},"excerpt":{"rendered":"","protected":false},"author":16,"featured_media":11102,"parent":0,"menu_order":0,"comment_status":"closed","ping_status":"closed","template":"","meta":{"_acf_changed":false,"footnotes":""},"class_list":["post-11227","page","type-page","status-publish","has-post-thumbnail","hentry","entry"],"acf":[],"_links":{"self":[{"href":"https:\/\/api.nordiskkulturfond.org\/fi\/wp-json\/wp\/v2\/pages\/11227","targetHints":{"allow":["GET"]}}],"collection":[{"href":"https:\/\/api.nordiskkulturfond.org\/fi\/wp-json\/wp\/v2\/pages"}],"about":[{"href":"https:\/\/api.nordiskkulturfond.org\/fi\/wp-json\/wp\/v2\/types\/page"}],"author":[{"embeddable":true,"href":"https:\/\/api.nordiskkulturfond.org\/fi\/wp-json\/wp\/v2\/users\/16"}],"replies":[{"embeddable":true,"href":"https:\/\/api.nordiskkulturfond.org\/fi\/wp-json\/wp\/v2\/comments?post=11227"}],"version-history":[{"count":7,"href":"https:\/\/api.nordiskkulturfond.org\/fi\/wp-json\/wp\/v2\/pages\/11227\/revisions"}],"predecessor-version":[{"id":11303,"href":"https:\/\/api.nordiskkulturfond.org\/fi\/wp-json\/wp\/v2\/pages\/11227\/revisions\/11303"}],"wp:featuredmedia":[{"embeddable":true,"href":"https:\/\/api.nordiskkulturfond.org\/fi\/wp-json\/wp\/v2\/media\/11102"}],"wp:attachment":[{"href":"https:\/\/api.nordiskkulturfond.org\/fi\/wp-json\/wp\/v2\/media?parent=11227"}],"curies":[{"name":"wp","href":"https:\/\/api.w.org\/{rel}","templated":true}]}}